{"id":16630,"date":"2022-07-13T10:49:55","date_gmt":"2022-07-13T08:49:55","guid":{"rendered":"https:\/\/apartmajigolte.si\/povprasevanje-uspesno-poslano\/"},"modified":"2023-06-20T13:57:37","modified_gmt":"2023-06-20T11:57:37","slug":"upit-uspjesno-poslan","status":"publish","type":"page","link":"https:\/\/apartmajigolte.si\/hr\/upit-uspjesno-poslan\/","title":{"rendered":"Upit uspje\u0161no poslan"},"content":{"rendered":"<div data-elementor-type=\"wp-page\" data-elementor-id=\"16630\" class=\"elementor elementor-16630 elementor-14142\"> \t\t\t\t\t\t<section class=\"th-parallax elementor-section elementor-top-section elementor-element elementor-element-fa63b30 elementor-section-height-min-height elementor-section-boxed elementor-section-height-default elementor-section-items-middle\" data-parallax=\"scroll\" data-image-src=\"https:\/\/apartmajigolte.si\/wp-content\/uploads\/2022\/07\/7.jpg\" data-id=\"fa63b30\" data-element_type=\"section\" data-e-type=\"section\" data-settings=\"{&quot;background_background&quot;:&quot;classic&quot;}\"> \t\t\t\t\t\t\t<div class=\"elementor-background-overlay\"><\/div> \t\t\t\t\t\t\t<div class=\"elementor-container elementor-column-gap-default\"> \t\t\t\t\t<div class=\"elementor-column elementor-col-100 elementor-top-column elementor-element elementor-element-470cc8a\" data-id=\"470cc8a\" data-element_type=\"column\" data-e-type=\"column\"> \t\t\t<div class=\"elementor-widget-wrap elementor-element-populated\"> \t\t\t\t\t\t<div class=\"elementor-element elementor-element-7c21b38 elementor-view-default elementor-position-top elementor-widget elementor-widget-themo-header\" data-id=\"7c21b38\" data-element_type=\"widget\" data-e-type=\"widget\" data-widget_type=\"themo-header.default\"> \t\t\t\t<div class=\"elementor-widget-container\"> \t\t\t\t\t\t\t<div class=\"th-header-wrap\">         <div class=\"elementor-icon-box-wrapper\">                             <div class=\"elementor-icon-box-content\">                     <h1 class=\"elementor-icon-box-title\">                         Upit uspje\u0161no poslan                    <\/h1>                                             <span class=\"th-header-divider\"><\/span>                                         <p class=\"elementor-icon-box-description\"><\/p>                                      <\/div>             <\/div>          <\/div>  \t\t\t\t\t\t<\/div> \t\t\t\t<\/div> \t\t\t\t\t<\/div> \t\t<\/div> \t\t\t\t\t<\/div> \t\t<\/section> \t\t\t\t<section class=\"elementor-section elementor-top-section elementor-element elementor-element-4fc80ce elementor-section-boxed elementor-section-height-default elementor-section-height-default\" data-id=\"4fc80ce\" data-element_type=\"section\" data-e-type=\"section\"> \t\t\t\t\t\t<div class=\"elementor-container elementor-column-gap-default\"> \t\t\t\t\t<div class=\"elementor-column elementor-col-100 elementor-top-column elementor-element elementor-element-520738c\" data-id=\"520738c\" data-element_type=\"column\" data-e-type=\"column\"> \t\t\t<div class=\"elementor-widget-wrap elementor-element-populated\"> \t\t\t\t\t\t<div class=\"elementor-element elementor-element-f2a6b52 elementor-widget elementor-widget-text-editor\" data-id=\"f2a6b52\" data-element_type=\"widget\" data-e-type=\"widget\" data-widget_type=\"text-editor.default\"> \t\t\t\t<div class=\"elementor-widget-container\"> \t\t\t\t\t\t\t\t\t<p style=\"text-align: center;\"><strong>Hvala Vam na Va\u0161em upitu. Potrudit \u0107emo se odgovoriti \u0161to je prije mogu\u0107e.<\/strong><\/p><p style=\"text-align: center;\"><strong>Lijep pozdrav!<\/strong><\/p><p style=\"text-align: center;\"><strong>Apartmani Golte<\/strong><\/p>\t\t\t\t\t\t\t\t<\/div> \t\t\t\t<\/div> \t\t\t\t\t<\/div> \t\t<\/div> \t\t\t\t\t<\/div> \t\t<\/section> \t\t\t\t<\/div>","protected":false},"excerpt":{"rendered":"<p>Upit uspje\u0161no poslan Hvala Vam na Va\u0161em upitu. Potrudit \u0107emo se odgovoriti \u0161to je prije mogu\u0107e. Lijep pozdrav! Apartmani Golte<\/p>\n","protected":false},"author":1,"featured_media":0,"parent":0,"menu_order":0,"comment_status":"closed","ping_status":"closed","template":"","meta":{"footnotes":""},"class_list":["post-16630","page","type-page","status-publish","hentry"],"yoast_head":"<!-- This site is optimized with the Yoast SEO plugin v27.4 - https:\/\/yoast.com\/product\/yoast-seo-wordpress\/ -->\n<title>Upit uspje\u0161no poslan - ApartmajiGolte.si<\/title>\n<meta name=\"robots\" content=\"index, follow, max-snippet:-1, max-image-preview:large, max-video-preview:-1\" \/>\n<link rel=\"canonical\" href=\"https:\/\/apartmajigolte.si\/hr\/upit-uspjesno-poslan\/\" \/>\n<meta property=\"og:locale\" content=\"hr_HR\" \/>\n<meta property=\"og:type\" content=\"article\" \/>\n<meta property=\"og:title\" content=\"Upit uspje\u0161no poslan - ApartmajiGolte.si\" \/>\n<meta property=\"og:description\" content=\"Upit uspje\u0161no poslan Hvala Vam na Va\u0161em upitu. Potrudit \u0107emo se odgovoriti \u0161to je prije mogu\u0107e. Lijep pozdrav! Apartmani Golte\" \/>\n<meta property=\"og:url\" content=\"https:\/\/apartmajigolte.si\/hr\/upit-uspjesno-poslan\/\" \/>\n<meta property=\"og:site_name\" content=\"ApartmajiGolte.si\" \/>\n<meta property=\"article:modified_time\" content=\"2023-06-20T11:57:37+00:00\" \/>\n<meta name=\"twitter:card\" content=\"summary_large_image\" \/>\n<meta name=\"twitter:label1\" content=\"Procijenjeno vrijeme \u010ditanja\" \/>\n\t<meta name=\"twitter:data1\" content=\"1 minuta\" \/>\n<script type=\"application\/ld+json\" class=\"yoast-schema-graph\">{\"@context\":\"https:\\\/\\\/schema.org\",\"@graph\":[{\"@type\":\"WebPage\",\"@id\":\"https:\\\/\\\/apartmajigolte.si\\\/hr\\\/upit-uspjesno-poslan\\\/\",\"url\":\"https:\\\/\\\/apartmajigolte.si\\\/hr\\\/upit-uspjesno-poslan\\\/\",\"name\":\"Upit uspje\u0161no poslan - ApartmajiGolte.si\",\"isPartOf\":{\"@id\":\"https:\\\/\\\/apartmajigolte.si\\\/#website\"},\"datePublished\":\"2022-07-13T08:49:55+00:00\",\"dateModified\":\"2023-06-20T11:57:37+00:00\",\"breadcrumb\":{\"@id\":\"https:\\\/\\\/apartmajigolte.si\\\/hr\\\/upit-uspjesno-poslan\\\/#breadcrumb\"},\"inLanguage\":\"hr\",\"potentialAction\":[{\"@type\":\"ReadAction\",\"target\":[\"https:\\\/\\\/apartmajigolte.si\\\/hr\\\/upit-uspjesno-poslan\\\/\"]}]},{\"@type\":\"BreadcrumbList\",\"@id\":\"https:\\\/\\\/apartmajigolte.si\\\/hr\\\/upit-uspjesno-poslan\\\/#breadcrumb\",\"itemListElement\":[{\"@type\":\"ListItem\",\"position\":1,\"name\":\"Home\",\"item\":\"https:\\\/\\\/apartmajigolte.si\\\/\"},{\"@type\":\"ListItem\",\"position\":2,\"name\":\"Upit uspje\u0161no poslan\"}]},{\"@type\":\"WebSite\",\"@id\":\"https:\\\/\\\/apartmajigolte.si\\\/#website\",\"url\":\"https:\\\/\\\/apartmajigolte.si\\\/\",\"name\":\"ApartmajiGolte.si\",\"description\":\"Prenova\",\"potentialAction\":[{\"@type\":\"SearchAction\",\"target\":{\"@type\":\"EntryPoint\",\"urlTemplate\":\"https:\\\/\\\/apartmajigolte.si\\\/?s={search_term_string}\"},\"query-input\":{\"@type\":\"PropertyValueSpecification\",\"valueRequired\":true,\"valueName\":\"search_term_string\"}}],\"inLanguage\":\"hr\"}]}<\/script>\n<!-- \/ Yoast SEO plugin. -->","yoast_head_json":{"title":"Upit uspje\u0161no poslan - ApartmajiGolte.si","robots":{"index":"index","follow":"follow","max-snippet":"max-snippet:-1","max-image-preview":"max-image-preview:large","max-video-preview":"max-video-preview:-1"},"canonical":"https:\/\/apartmajigolte.si\/hr\/upit-uspjesno-poslan\/","og_locale":"hr_HR","og_type":"article","og_title":"Upit uspje\u0161no poslan - ApartmajiGolte.si","og_description":"Upit uspje\u0161no poslan Hvala Vam na Va\u0161em upitu. Potrudit \u0107emo se odgovoriti \u0161to je prije mogu\u0107e. Lijep pozdrav! Apartmani Golte","og_url":"https:\/\/apartmajigolte.si\/hr\/upit-uspjesno-poslan\/","og_site_name":"ApartmajiGolte.si","article_modified_time":"2023-06-20T11:57:37+00:00","twitter_card":"summary_large_image","twitter_misc":{"Procijenjeno vrijeme \u010ditanja":"1 minuta"},"schema":{"@context":"https:\/\/schema.org","@graph":[{"@type":"WebPage","@id":"https:\/\/apartmajigolte.si\/hr\/upit-uspjesno-poslan\/","url":"https:\/\/apartmajigolte.si\/hr\/upit-uspjesno-poslan\/","name":"Upit uspje\u0161no poslan - ApartmajiGolte.si","isPartOf":{"@id":"https:\/\/apartmajigolte.si\/#website"},"datePublished":"2022-07-13T08:49:55+00:00","dateModified":"2023-06-20T11:57:37+00:00","breadcrumb":{"@id":"https:\/\/apartmajigolte.si\/hr\/upit-uspjesno-poslan\/#breadcrumb"},"inLanguage":"hr","potentialAction":[{"@type":"ReadAction","target":["https:\/\/apartmajigolte.si\/hr\/upit-uspjesno-poslan\/"]}]},{"@type":"BreadcrumbList","@id":"https:\/\/apartmajigolte.si\/hr\/upit-uspjesno-poslan\/#breadcrumb","itemListElement":[{"@type":"ListItem","position":1,"name":"Home","item":"https:\/\/apartmajigolte.si\/"},{"@type":"ListItem","position":2,"name":"Upit uspje\u0161no poslan"}]},{"@type":"WebSite","@id":"https:\/\/apartmajigolte.si\/#website","url":"https:\/\/apartmajigolte.si\/","name":"ApartmajiGolte.si","description":"Prenova","potentialAction":[{"@type":"SearchAction","target":{"@type":"EntryPoint","urlTemplate":"https:\/\/apartmajigolte.si\/?s={search_term_string}"},"query-input":{"@type":"PropertyValueSpecification","valueRequired":true,"valueName":"search_term_string"}}],"inLanguage":"hr"}]}},"_links":{"self":[{"href":"https:\/\/apartmajigolte.si\/hr\/wp-json\/wp\/v2\/pages\/16630","targetHints":{"allow":["GET"]}}],"collection":[{"href":"https:\/\/apartmajigolte.si\/hr\/wp-json\/wp\/v2\/pages"}],"about":[{"href":"https:\/\/apartmajigolte.si\/hr\/wp-json\/wp\/v2\/types\/page"}],"author":[{"embeddable":true,"href":"https:\/\/apartmajigolte.si\/hr\/wp-json\/wp\/v2\/users\/1"}],"replies":[{"embeddable":true,"href":"https:\/\/apartmajigolte.si\/hr\/wp-json\/wp\/v2\/comments?post=16630"}],"version-history":[{"count":4,"href":"https:\/\/apartmajigolte.si\/hr\/wp-json\/wp\/v2\/pages\/16630\/revisions"}],"predecessor-version":[{"id":16635,"href":"https:\/\/apartmajigolte.si\/hr\/wp-json\/wp\/v2\/pages\/16630\/revisions\/16635"}],"wp:attachment":[{"href":"https:\/\/apartmajigolte.si\/hr\/wp-json\/wp\/v2\/media?parent=16630"}],"curies":[{"name":"wp","href":"https:\/\/api.w.org\/{rel}","templated":true}]}}