{"id":9198,"date":"2022-06-14T13:41:42","date_gmt":"2022-06-14T11:41:42","guid":{"rendered":"https:\/\/apartmajigolte.si\/?page_id=9198"},"modified":"2026-03-19T07:15:25","modified_gmt":"2026-03-19T06:15:25","slug":"cjenik-apartmana","status":"publish","type":"page","link":"https:\/\/apartmajigolte.si\/hr\/cjenik-apartmana\/","title":{"rendered":"Cjenik apartmana"},"content":{"rendered":"<div data-elementor-type=\"wp-page\" data-elementor-id=\"9198\" class=\"elementor elementor-9198 elementor-5834\"> \t\t\t\t\t\t<section class=\"th-parallax elementor-section elementor-top-section elementor-element elementor-element-2230d58c elementor-section-height-min-height elementor-section-boxed elementor-section-height-default elementor-section-items-middle\" data-parallax=\"scroll\" data-image-src=\"https:\/\/apartmajigolte.si\/wp-content\/uploads\/2024\/03\/golte-1.jpg\" data-id=\"2230d58c\" data-element_type=\"section\" data-e-type=\"section\" data-settings=\"{&quot;background_background&quot;:&quot;classic&quot;}\"> \t\t\t\t\t\t\t<div class=\"elementor-background-overlay\"><\/div> \t\t\t\t\t\t\t<div class=\"elementor-container elementor-column-gap-default\"> \t\t\t\t\t<div class=\"elementor-column elementor-col-100 elementor-top-column elementor-element elementor-element-4a8aa24c\" data-id=\"4a8aa24c\" data-element_type=\"column\" data-e-type=\"column\"> \t\t\t<div class=\"elementor-widget-wrap elementor-element-populated\"> \t\t\t\t\t\t<div class=\"elementor-element elementor-element-3b590ed elementor-view-default elementor-position-top elementor-widget elementor-widget-themo-header\" data-id=\"3b590ed\" data-element_type=\"widget\" data-e-type=\"widget\" data-widget_type=\"themo-header.default\"> \t\t\t\t<div class=\"elementor-widget-container\"> \t\t\t\t\t\t\t<div class=\"th-header-wrap\">         <div class=\"elementor-icon-box-wrapper\">                             <div class=\"elementor-icon-box-content\">                     <h1 class=\"elementor-icon-box-title\">                         Cjenik apartmana                    <\/h1>                                             <span class=\"th-header-divider\"><\/span>                                         <p class=\"elementor-icon-box-description\"><\/p>                                      <\/div>             <\/div>          <\/div>  \t\t\t\t\t\t<\/div> \t\t\t\t<\/div> \t\t\t\t\t<\/div> \t\t<\/div> \t\t\t\t\t<\/div> \t\t<\/section> \t\t\t\t<section class=\"elementor-section elementor-top-section elementor-element elementor-element-8a06f33 elementor-section-boxed elementor-section-height-default elementor-section-height-default\" data-id=\"8a06f33\" data-element_type=\"section\" data-e-type=\"section\" data-settings=\"{&quot;background_background&quot;:&quot;classic&quot;}\"> \t\t\t\t\t\t<div class=\"elementor-container elementor-column-gap-default\"> \t\t\t\t\t<div class=\"elementor-column elementor-col-33 elementor-top-column elementor-element elementor-element-b9c05ca\" data-id=\"b9c05ca\" data-element_type=\"column\" data-e-type=\"column\"> \t\t\t<div class=\"elementor-widget-wrap elementor-element-populated\"> \t\t\t\t\t\t<div class=\"elementor-element elementor-element-1b5a96f elementor-widget elementor-widget-heading\" data-id=\"1b5a96f\" data-element_type=\"widget\" data-e-type=\"widget\" data-widget_type=\"heading.default\"> \t\t\t\t<div class=\"elementor-widget-container\"> \t\t\t\t\t<h2 class=\"elementor-heading-title elementor-size-default\">Apartman Planinski raj  (4)<\/h2>\t\t\t\t<\/div> \t\t\t\t<\/div> \t\t\t\t<div class=\"elementor-element elementor-element-780d9fb elementor-widget elementor-widget-shortcode\" data-id=\"780d9fb\" data-element_type=\"widget\" data-e-type=\"widget\" data-widget_type=\"shortcode.default\"> \t\t\t\t<div class=\"elementor-widget-container\"> \t\t\t\t\t\t\t<div class=\"elementor-shortcode\"> <table id=\"tablepress-12\" class=\"tablepress tablepress-id-12\" aria-describedby=\"tablepress-12-description\"> <thead> <tr class=\"row-1\"> \t<th class=\"column-1\">Termin<\/th><th class=\"column-2\">Cijena s PDV<\/th> <\/tr> <\/thead> <tbody class=\"row-striping row-hover\"> <tr class=\"row-2\"> \t<td class=\"column-1\">4. Sije\u010danj - 15. O\u017eujak<\/td><td class=\"column-2\">160 \u20ac \/ no\u0107<\/td> <\/tr> <tr class=\"row-3\"> \t<td class=\"column-1\">16. O\u017eujak - 15. Lipanj<\/td><td class=\"column-2\">130 \u20ac \/ no\u0107<\/td> <\/tr> <tr class=\"row-4\"> \t<td class=\"column-1\">16. Lipanj - 31. Kolovoz<\/td><td class=\"column-2\">145 \u20ac \/ no\u0107<\/td> <\/tr> <tr class=\"row-5\"> \t<td class=\"column-1\">1. Rujan - 30. Studeni<\/td><td class=\"column-2\">130 \u20ac \/ no\u0107<\/td> <\/tr> <tr class=\"row-6\"> \t<td class=\"column-1\">1. Prosinac - 23. Prosinac<\/td><td class=\"column-2\">140 \u20ac \/ no\u0107<\/td> <\/tr> <tr class=\"row-7\"> \t<td class=\"column-1\">24. Prosinac - 3. Sije\u010danj<\/td><td class=\"column-2\">270 \u20ac \/ no\u0107<\/td> <\/tr> <\/tbody> <\/table> <span id=\"tablepress-12-description\" class=\"tablepress-table-description tablepress-table-description-id-12\">* cijena no\u0107enja za 4 osobe<\/span> <!-- #tablepress-12 from cache --><\/div> \t\t\t\t\t\t<\/div> \t\t\t\t<\/div> \t\t\t\t<div class=\"elementor-element elementor-element-62894ab elementor-widget elementor-widget-button\" data-id=\"62894ab\" data-element_type=\"widget\" data-e-type=\"widget\" data-widget_type=\"button.default\"> \t\t\t\t<div class=\"elementor-widget-container\"> \t\t\t\t\t\t\t\t\t<div class=\"elementor-button-wrapper\"> \t\t\t\t\t<a class=\"elementor-button elementor-button-link elementor-size-sm\" href=\"https:\/\/apartmajigolte.si\/hr\/apartman-planinski-raj#rezervacija\"> \t\t\t\t\t\t<span class=\"elementor-button-content-wrapper\"> \t\t\t\t\t\t\t\t\t<span class=\"elementor-button-text\">Rezervacija<\/span> \t\t\t\t\t<\/span> \t\t\t\t\t<\/a> \t\t\t\t<\/div> \t\t\t\t\t\t\t\t<\/div> \t\t\t\t<\/div> \t\t\t\t\t<\/div> \t\t<\/div> \t\t\t\t<div class=\"elementor-column elementor-col-33 elementor-top-column elementor-element elementor-element-2371894\" data-id=\"2371894\" data-element_type=\"column\" data-e-type=\"column\"> \t\t\t<div class=\"elementor-widget-wrap elementor-element-populated\"> \t\t\t\t\t\t<div class=\"elementor-element elementor-element-35d4033 elementor-widget elementor-widget-heading\" data-id=\"35d4033\" data-element_type=\"widget\" data-e-type=\"widget\" data-widget_type=\"heading.default\"> \t\t\t\t<div class=\"elementor-widget-container\"> \t\t\t\t\t<h2 class=\"elementor-heading-title elementor-size-default\">Apartman Cvet planin  (4+2)<br><\/h2>\t\t\t\t<\/div> \t\t\t\t<\/div> \t\t\t\t<div class=\"elementor-element elementor-element-d9518d9 elementor-widget elementor-widget-shortcode\" data-id=\"d9518d9\" data-element_type=\"widget\" data-e-type=\"widget\" data-widget_type=\"shortcode.default\"> \t\t\t\t<div class=\"elementor-widget-container\"> \t\t\t\t\t\t\t<div class=\"elementor-shortcode\"> <table id=\"tablepress-11\" class=\"tablepress tablepress-id-11\" aria-describedby=\"tablepress-11-description\"> <thead> <tr class=\"row-1\"> \t<th class=\"column-1\">Termin<\/th><th class=\"column-2\">Cijena s PDV<\/th> <\/tr> <\/thead> <tbody class=\"row-striping row-hover\"> <tr class=\"row-2\"> \t<td class=\"column-1\">4. Sije\u010danj - 15. O\u017eujak<\/td><td class=\"column-2\">180 \u20ac \/ no\u0107<\/td> <\/tr> <tr class=\"row-3\"> \t<td class=\"column-1\">16. O\u017eujak - 15. Lipanj<\/td><td class=\"column-2\">145 \u20ac \/ no\u0107<\/td> <\/tr> <tr class=\"row-4\"> \t<td class=\"column-1\">16. Lipanj - 31. Kolovoz<\/td><td class=\"column-2\">160 \u20ac \/ no\u0107<\/td> <\/tr> <tr class=\"row-5\"> \t<td class=\"column-1\">1. Rujan - 30. Studeni<\/td><td class=\"column-2\">145 \u20ac \/ no\u0107<\/td> <\/tr> <tr class=\"row-6\"> \t<td class=\"column-1\">1. Prosinac - 23. Prosinac<\/td><td class=\"column-2\">160 \u20ac \/ no\u0107<\/td> <\/tr> <tr class=\"row-7\"> \t<td class=\"column-1\">24. Prosinac - 3. Sije\u010danj<\/td><td class=\"column-2\">290 \u20ac \/ no\u0107<\/td> <\/tr> <\/tbody> <\/table> <span id=\"tablepress-11-description\" class=\"tablepress-table-description tablepress-table-description-id-11\">* cijena no\u0107enja za 4 osobe<\/span> <\/div> \t\t\t\t\t\t<\/div> \t\t\t\t<\/div> \t\t\t\t<div class=\"elementor-element elementor-element-34f278e elementor-widget elementor-widget-button\" data-id=\"34f278e\" data-element_type=\"widget\" data-e-type=\"widget\" data-widget_type=\"button.default\"> \t\t\t\t<div class=\"elementor-widget-container\"> \t\t\t\t\t\t\t\t\t<div class=\"elementor-button-wrapper\"> \t\t\t\t\t<a class=\"elementor-button elementor-button-link elementor-size-sm\" href=\"https:\/\/apartmajigolte.si\/hr\/apartman-cvet-planin#rezervacija\"> \t\t\t\t\t\t<span class=\"elementor-button-content-wrapper\"> \t\t\t\t\t\t\t\t\t<span class=\"elementor-button-text\">Rezervacija<\/span> \t\t\t\t\t<\/span> \t\t\t\t\t<\/a> \t\t\t\t<\/div> \t\t\t\t\t\t\t\t<\/div> \t\t\t\t<\/div> \t\t\t\t\t<\/div> \t\t<\/div> \t\t\t\t<div class=\"elementor-column elementor-col-33 elementor-top-column elementor-element elementor-element-848785c\" data-id=\"848785c\" data-element_type=\"column\" data-e-type=\"column\"> \t\t\t<div class=\"elementor-widget-wrap elementor-element-populated\"> \t\t\t\t\t\t<div class=\"elementor-element elementor-element-b13aaa9 elementor-widget elementor-widget-heading\" data-id=\"b13aaa9\" data-element_type=\"widget\" data-e-type=\"widget\" data-widget_type=\"heading.default\"> \t\t\t\t<div class=\"elementor-widget-container\"> \t\t\t\t\t<h2 class=\"elementor-heading-title elementor-size-default\">Apartman Planinski biser (11+2)<br><\/h2>\t\t\t\t<\/div> \t\t\t\t<\/div> \t\t\t\t<div class=\"elementor-element elementor-element-532f7ac elementor-widget elementor-widget-shortcode\" data-id=\"532f7ac\" data-element_type=\"widget\" data-e-type=\"widget\" data-widget_type=\"shortcode.default\"> \t\t\t\t<div class=\"elementor-widget-container\"> \t\t\t\t\t\t\t<div class=\"elementor-shortcode\"> <table id=\"tablepress-13\" class=\"tablepress tablepress-id-13\" aria-describedby=\"tablepress-13-description\"> <thead> <tr class=\"row-1\"> \t<th class=\"column-1\">Termin<\/th><th class=\"column-2\">Cijena s PDV<\/th> <\/tr> <\/thead> <tbody class=\"row-striping row-hover\"> <tr class=\"row-2\"> \t<td class=\"column-1\">4. Sije\u010danj - 15. O\u017eujak<\/td><td class=\"column-2\">445 \u20ac \/ no\u0107<\/td> <\/tr> <tr class=\"row-3\"> \t<td class=\"column-1\">16. O\u017eujak - 15. Lipanj<\/td><td class=\"column-2\">315 \u20ac \/ no\u0107<br \/> <\/td> <\/tr> <tr class=\"row-4\"> \t<td class=\"column-1\">16. Lipanj - 31. Kolovoz<\/td><td class=\"column-2\">395 \u20ac \/ no\u0107<br \/> <\/td> <\/tr> <tr class=\"row-5\"> \t<td class=\"column-1\">1. Rujan - 30. Studeni<\/td><td class=\"column-2\">315 \u20ac \/ no\u0107<\/td> <\/tr> <tr class=\"row-6\"> \t<td class=\"column-1\">1. Prosinac - 23. Prosinac<\/td><td class=\"column-2\">345 \u20ac \/ no\u0107<\/td> <\/tr> <tr class=\"row-7\"> \t<td class=\"column-1\">24. Prosinac - 3. Sije\u010danj<\/td><td class=\"column-2\">630 \u20ac \/ no\u0107<br \/> <\/td> <\/tr> <\/tbody> <\/table> <span id=\"tablepress-13-description\" class=\"tablepress-table-description tablepress-table-description-id-13\">* cijena no\u0107enja za 11 osoba<\/span> <!-- #tablepress-13 from cache --><\/div> \t\t\t\t\t\t<\/div> \t\t\t\t<\/div> \t\t\t\t<div class=\"elementor-element elementor-element-e61d15b elementor-widget elementor-widget-button\" data-id=\"e61d15b\" data-element_type=\"widget\" data-e-type=\"widget\" data-widget_type=\"button.default\"> \t\t\t\t<div class=\"elementor-widget-container\"> \t\t\t\t\t\t\t\t\t<div class=\"elementor-button-wrapper\"> \t\t\t\t\t<a class=\"elementor-button elementor-button-link elementor-size-sm\" href=\"https:\/\/apartmajigolte.si\/hr\/apartman-planinski-biser#rezervacija\"> \t\t\t\t\t\t<span class=\"elementor-button-content-wrapper\"> \t\t\t\t\t\t\t\t\t<span class=\"elementor-button-text\">Rezervacija<\/span> \t\t\t\t\t<\/span> \t\t\t\t\t<\/a> \t\t\t\t<\/div> \t\t\t\t\t\t\t\t<\/div> \t\t\t\t<\/div> \t\t\t\t\t<\/div> \t\t<\/div> \t\t\t\t\t<\/div> \t\t<\/section> \t\t\t\t<section class=\"elementor-section elementor-top-section elementor-element elementor-element-df3c2c1 elementor-section-boxed elementor-section-height-default elementor-section-height-default\" data-id=\"df3c2c1\" data-element_type=\"section\" data-e-type=\"section\" data-settings=\"{&quot;background_background&quot;:&quot;classic&quot;}\"> \t\t\t\t\t\t<div class=\"elementor-container elementor-column-gap-default\"> \t\t\t\t\t<div class=\"elementor-column elementor-col-100 elementor-top-column elementor-element elementor-element-37e7856\" data-id=\"37e7856\" data-element_type=\"column\" data-e-type=\"column\"> \t\t\t<div class=\"elementor-widget-wrap elementor-element-populated\"> \t\t\t\t\t\t<div class=\"elementor-element elementor-element-8d35717 elementor-widget elementor-widget-text-editor\" data-id=\"8d35717\" data-element_type=\"widget\" data-e-type=\"widget\" data-widget_type=\"text-editor.default\"> \t\t\t\t<div class=\"elementor-widget-container\"> \t\t\t\t\t\t\t\t\t<p>Navedeni cjenovnik vrijedi od 6.1. 2025 godine do poni\u0161tenja. Cijene vrijede za 1 no\u0107enje.<\/p>\t\t\t\t\t\t\t\t<\/div> \t\t\t\t<\/div> \t\t\t\t\t<\/div> \t\t<\/div> \t\t\t\t\t<\/div> \t\t<\/section> \t\t\t\t<section class=\"elementor-section elementor-top-section elementor-element elementor-element-85fed19 elementor-section-boxed elementor-section-height-default elementor-section-height-default\" data-id=\"85fed19\" data-element_type=\"section\" data-e-type=\"section\" data-settings=\"{&quot;background_background&quot;:&quot;classic&quot;}\"> \t\t\t\t\t\t<div class=\"elementor-container elementor-column-gap-default\"> \t\t\t\t\t<div class=\"elementor-column elementor-col-50 elementor-top-column elementor-element elementor-element-c5a3893\" data-id=\"c5a3893\" data-element_type=\"column\" data-e-type=\"column\"> \t\t\t<div class=\"elementor-widget-wrap elementor-element-populated\"> \t\t\t\t\t\t<div class=\"elementor-element elementor-element-dc30e53 elementor-widget elementor-widget-text-editor\" data-id=\"dc30e53\" data-element_type=\"widget\" data-e-type=\"widget\" data-widget_type=\"text-editor.default\"> \t\t\t\t<div class=\"elementor-widget-container\"> \t\t\t\t\t\t\t\t\t<p><strong>Obavezne doplate:<\/strong><\/p>\t\t\t\t\t\t\t\t<\/div> \t\t\t\t<\/div> \t\t\t\t<div class=\"elementor-element elementor-element-7a5e045 elementor-icon-list--layout-traditional elementor-list-item-link-full_width elementor-widget elementor-widget-icon-list\" data-id=\"7a5e045\" data-element_type=\"widget\" data-e-type=\"widget\" data-widget_type=\"icon-list.default\"> \t\t\t\t<div class=\"elementor-widget-container\"> \t\t\t\t\t\t\t<ul class=\"elementor-icon-list-items\"> \t\t\t\t\t\t\t<li class=\"elementor-icon-list-item\"> \t\t\t\t\t\t\t\t\t\t\t<span class=\"elementor-icon-list-icon\"> \t\t\t\t\t\t\t<i aria-hidden=\"true\" class=\"fas fa-exclamation\"><\/i>\t\t\t\t\t\t<\/span> \t\t\t\t\t\t\t\t\t\t<span class=\"elementor-icon-list-text\">boravi\u0161na taksa \u2013 odrasli: 2 \u20ac\/osoba\/no\u0107<\/span> \t\t\t\t\t\t\t\t\t<\/li> \t\t\t\t\t\t\t\t<li class=\"elementor-icon-list-item\"> \t\t\t\t\t\t\t\t\t\t\t<span class=\"elementor-icon-list-icon\"> \t\t\t\t\t\t\t<i aria-hidden=\"true\" class=\"fas fa-exclamation\"><\/i>\t\t\t\t\t\t<\/span> \t\t\t\t\t\t\t\t\t\t<span class=\"elementor-icon-list-text\">boravi\u0161na taksa \u2013 djeca (7-18 let): 1 \u20ac\/osoba\/no\u0107<\/span> \t\t\t\t\t\t\t\t\t<\/li> \t\t\t\t\t\t<\/ul> \t\t\t\t\t\t<\/div> \t\t\t\t<\/div> \t\t\t\t\t<\/div> \t\t<\/div> \t\t\t\t<div class=\"elementor-column elementor-col-50 elementor-top-column elementor-element elementor-element-811060e\" data-id=\"811060e\" data-element_type=\"column\" data-e-type=\"column\"> \t\t\t<div class=\"elementor-widget-wrap elementor-element-populated\"> \t\t\t\t\t\t<div class=\"elementor-element elementor-element-f004229 elementor-widget elementor-widget-text-editor\" data-id=\"f004229\" data-element_type=\"widget\" data-e-type=\"widget\" data-widget_type=\"text-editor.default\"> \t\t\t\t<div class=\"elementor-widget-container\"> \t\t\t\t\t\t\t\t\t<p><strong>Ostale doplate:<\/strong><\/p>\t\t\t\t\t\t\t\t<\/div> \t\t\t\t<\/div> \t\t\t\t<div class=\"elementor-element elementor-element-e64895d elementor-icon-list--layout-traditional elementor-list-item-link-full_width elementor-widget elementor-widget-icon-list\" data-id=\"e64895d\" data-element_type=\"widget\" data-e-type=\"widget\" data-widget_type=\"icon-list.default\"> \t\t\t\t<div class=\"elementor-widget-container\"> \t\t\t\t\t\t\t<ul class=\"elementor-icon-list-items\"> \t\t\t\t\t\t\t<li class=\"elementor-icon-list-item\"> \t\t\t\t\t\t\t\t\t\t\t<span class=\"elementor-icon-list-icon\"> \t\t\t\t\t\t\t<i aria-hidden=\"true\" class=\"fas fa-exclamation\"><\/i>\t\t\t\t\t\t<\/span> \t\t\t\t\t\t\t\t\t\t<span class=\"elementor-icon-list-text\">dodatni krevet: 10 \u20ac\/osoba\/no\u0107<\/span> \t\t\t\t\t\t\t\t\t<\/li> \t\t\t\t\t\t\t\t<li class=\"elementor-icon-list-item\"> \t\t\t\t\t\t\t\t\t\t\t<span class=\"elementor-icon-list-icon\"> \t\t\t\t\t\t\t<i aria-hidden=\"true\" class=\"fas fa-exclamation\"><\/i>\t\t\t\t\t\t<\/span> \t\t\t\t\t\t\t\t\t\t<span class=\"elementor-icon-list-text\">ku\u0107ni ljubimci: 10 \u20ac\/osoba\/no\u0107 (uz izri\u010dit prethodni dogovor)<\/span> \t\t\t\t\t\t\t\t\t<\/li> \t\t\t\t\t\t<\/ul> \t\t\t\t\t\t<\/div> \t\t\t\t<\/div> \t\t\t\t\t<\/div> \t\t<\/div> \t\t\t\t\t<\/div> \t\t<\/section> \t\t\t\t<section class=\"elementor-section elementor-top-section elementor-element elementor-element-6ca26c0 elementor-section-boxed elementor-section-height-default elementor-section-height-default\" data-id=\"6ca26c0\" data-element_type=\"section\" data-e-type=\"section\" data-settings=\"{&quot;background_background&quot;:&quot;classic&quot;}\"> \t\t\t\t\t\t<div class=\"elementor-container elementor-column-gap-default\"> \t\t\t\t\t<div class=\"elementor-column elementor-col-100 elementor-top-column elementor-element elementor-element-d84a16d\" data-id=\"d84a16d\" data-element_type=\"column\" data-e-type=\"column\"> \t\t\t<div class=\"elementor-widget-wrap elementor-element-populated\"> \t\t\t\t\t\t<div class=\"elementor-element elementor-element-2e6a1f3 elementor-widget elementor-widget-text-editor\" data-id=\"2e6a1f3\" data-element_type=\"widget\" data-e-type=\"widget\" data-widget_type=\"text-editor.default\"> \t\t\t\t<div class=\"elementor-widget-container\"> \t\t\t\t\t\t\t\t\t<p>Cijene uklju\u010duju PDV. Cijene uklju\u010duju najam apartmana, ru\u010dnike, posteljinu i zavr\u0161no \u010di\u0161\u0107enje.<\/p>\t\t\t\t\t\t\t\t<\/div> \t\t\t\t<\/div> \t\t\t\t\t<\/div> \t\t<\/div> \t\t\t\t\t<\/div> \t\t<\/section> \t\t\t\t<\/div>","protected":false},"excerpt":{"rendered":"<p>Cjenik apartmana Apartman Planinski raj (4) Rezervacija Apartman Cvet planin (4+2) Rezervacija Apartman Planinski biser (11+2) Rezervacija Navedeni cjenovnik vrijedi od 6.1. 2025 godine do poni\u0161tenja. Cijene vrijede za 1 no\u0107enje. Obavezne doplate: boravi\u0161na taksa \u2013 odrasli: 2 \u20ac\/osoba\/no\u0107 boravi\u0161na &hellip; <a href=\"https:\/\/apartmajigolte.si\/hr\/cjenik-apartmana\/\">Read More<\/a><\/p>\n","protected":false},"author":1,"featured_media":0,"parent":0,"menu_order":7,"comment_status":"closed","ping_status":"closed","template":"","meta":{"footnotes":""},"class_list":["post-9198","page","type-page","status-publish","hentry"],"yoast_head":"<!-- This site is optimized with the Yoast SEO plugin v27.4 - https:\/\/yoast.com\/product\/yoast-seo-wordpress\/ -->\n<title>Cjenik apartmana - ApartmajiGolte.si<\/title>\n<meta name=\"robots\" content=\"index, follow, max-snippet:-1, max-image-preview:large, max-video-preview:-1\" \/>\n<link rel=\"canonical\" href=\"https:\/\/apartmajigolte.si\/cenik\/\" \/>\n<meta property=\"og:locale\" content=\"hr_HR\" \/>\n<meta property=\"og:type\" content=\"article\" \/>\n<meta property=\"og:title\" content=\"Cjenik apartmana - ApartmajiGolte.si\" \/>\n<meta property=\"og:description\" content=\"Cjenik apartmana Apartman Planinski raj (4) Rezervacija Apartman Cvet planin (4+2) Rezervacija Apartman Planinski biser (11+2) Rezervacija Navedeni cjenovnik vrijedi od 6.1. 2025 godine do poni\u0161tenja. Cijene vrijede za 1 no\u0107enje. Obavezne doplate: boravi\u0161na taksa \u2013 odrasli: 2 \u20ac\/osoba\/no\u0107 boravi\u0161na &hellip; Read More\" \/>\n<meta property=\"og:url\" content=\"https:\/\/apartmajigolte.si\/cenik\/\" \/>\n<meta property=\"og:site_name\" content=\"ApartmajiGolte.si\" \/>\n<meta property=\"article:modified_time\" content=\"2026-03-19T06:15:25+00:00\" \/>\n<meta name=\"twitter:card\" content=\"summary_large_image\" \/>\n<meta name=\"twitter:label1\" content=\"Procijenjeno vrijeme \u010ditanja\" \/>\n\t<meta name=\"twitter:data1\" content=\"1 minuta\" \/>\n<script type=\"application\/ld+json\" class=\"yoast-schema-graph\">{\"@context\":\"https:\\\/\\\/schema.org\",\"@graph\":[{\"@type\":\"WebPage\",\"@id\":\"https:\\\/\\\/apartmajigolte.si\\\/cenik\\\/\",\"url\":\"https:\\\/\\\/apartmajigolte.si\\\/cenik\\\/\",\"name\":\"Cjenik apartmana - ApartmajiGolte.si\",\"isPartOf\":{\"@id\":\"https:\\\/\\\/apartmajigolte.si\\\/#website\"},\"datePublished\":\"2022-06-14T11:41:42+00:00\",\"dateModified\":\"2026-03-19T06:15:25+00:00\",\"breadcrumb\":{\"@id\":\"https:\\\/\\\/apartmajigolte.si\\\/cenik\\\/#breadcrumb\"},\"inLanguage\":\"hr\",\"potentialAction\":[{\"@type\":\"ReadAction\",\"target\":[\"https:\\\/\\\/apartmajigolte.si\\\/cenik\\\/\"]}]},{\"@type\":\"BreadcrumbList\",\"@id\":\"https:\\\/\\\/apartmajigolte.si\\\/cenik\\\/#breadcrumb\",\"itemListElement\":[{\"@type\":\"ListItem\",\"position\":1,\"name\":\"Home\",\"item\":\"https:\\\/\\\/apartmajigolte.si\\\/\"},{\"@type\":\"ListItem\",\"position\":2,\"name\":\"Cjenik apartmana\"}]},{\"@type\":\"WebSite\",\"@id\":\"https:\\\/\\\/apartmajigolte.si\\\/#website\",\"url\":\"https:\\\/\\\/apartmajigolte.si\\\/\",\"name\":\"ApartmajiGolte.si\",\"description\":\"Prenova\",\"potentialAction\":[{\"@type\":\"SearchAction\",\"target\":{\"@type\":\"EntryPoint\",\"urlTemplate\":\"https:\\\/\\\/apartmajigolte.si\\\/?s={search_term_string}\"},\"query-input\":{\"@type\":\"PropertyValueSpecification\",\"valueRequired\":true,\"valueName\":\"search_term_string\"}}],\"inLanguage\":\"hr\"}]}<\/script>\n<!-- \/ Yoast SEO plugin. -->","yoast_head_json":{"title":"Cjenik apartmana - ApartmajiGolte.si","robots":{"index":"index","follow":"follow","max-snippet":"max-snippet:-1","max-image-preview":"max-image-preview:large","max-video-preview":"max-video-preview:-1"},"canonical":"https:\/\/apartmajigolte.si\/cenik\/","og_locale":"hr_HR","og_type":"article","og_title":"Cjenik apartmana - ApartmajiGolte.si","og_description":"Cjenik apartmana Apartman Planinski raj (4) Rezervacija Apartman Cvet planin (4+2) Rezervacija Apartman Planinski biser (11+2) Rezervacija Navedeni cjenovnik vrijedi od 6.1. 2025 godine do poni\u0161tenja. Cijene vrijede za 1 no\u0107enje. Obavezne doplate: boravi\u0161na taksa \u2013 odrasli: 2 \u20ac\/osoba\/no\u0107 boravi\u0161na &hellip; Read More","og_url":"https:\/\/apartmajigolte.si\/cenik\/","og_site_name":"ApartmajiGolte.si","article_modified_time":"2026-03-19T06:15:25+00:00","twitter_card":"summary_large_image","twitter_misc":{"Procijenjeno vrijeme \u010ditanja":"1 minuta"},"schema":{"@context":"https:\/\/schema.org","@graph":[{"@type":"WebPage","@id":"https:\/\/apartmajigolte.si\/cenik\/","url":"https:\/\/apartmajigolte.si\/cenik\/","name":"Cjenik apartmana - ApartmajiGolte.si","isPartOf":{"@id":"https:\/\/apartmajigolte.si\/#website"},"datePublished":"2022-06-14T11:41:42+00:00","dateModified":"2026-03-19T06:15:25+00:00","breadcrumb":{"@id":"https:\/\/apartmajigolte.si\/cenik\/#breadcrumb"},"inLanguage":"hr","potentialAction":[{"@type":"ReadAction","target":["https:\/\/apartmajigolte.si\/cenik\/"]}]},{"@type":"BreadcrumbList","@id":"https:\/\/apartmajigolte.si\/cenik\/#breadcrumb","itemListElement":[{"@type":"ListItem","position":1,"name":"Home","item":"https:\/\/apartmajigolte.si\/"},{"@type":"ListItem","position":2,"name":"Cjenik apartmana"}]},{"@type":"WebSite","@id":"https:\/\/apartmajigolte.si\/#website","url":"https:\/\/apartmajigolte.si\/","name":"ApartmajiGolte.si","description":"Prenova","potentialAction":[{"@type":"SearchAction","target":{"@type":"EntryPoint","urlTemplate":"https:\/\/apartmajigolte.si\/?s={search_term_string}"},"query-input":{"@type":"PropertyValueSpecification","valueRequired":true,"valueName":"search_term_string"}}],"inLanguage":"hr"}]}},"_links":{"self":[{"href":"https:\/\/apartmajigolte.si\/hr\/wp-json\/wp\/v2\/pages\/9198","targetHints":{"allow":["GET"]}}],"collection":[{"href":"https:\/\/apartmajigolte.si\/hr\/wp-json\/wp\/v2\/pages"}],"about":[{"href":"https:\/\/apartmajigolte.si\/hr\/wp-json\/wp\/v2\/types\/page"}],"author":[{"embeddable":true,"href":"https:\/\/apartmajigolte.si\/hr\/wp-json\/wp\/v2\/users\/1"}],"replies":[{"embeddable":true,"href":"https:\/\/apartmajigolte.si\/hr\/wp-json\/wp\/v2\/comments?post=9198"}],"version-history":[{"count":88,"href":"https:\/\/apartmajigolte.si\/hr\/wp-json\/wp\/v2\/pages\/9198\/revisions"}],"predecessor-version":[{"id":20894,"href":"https:\/\/apartmajigolte.si\/hr\/wp-json\/wp\/v2\/pages\/9198\/revisions\/20894"}],"wp:attachment":[{"href":"https:\/\/apartmajigolte.si\/hr\/wp-json\/wp\/v2\/media?parent=9198"}],"curies":[{"name":"wp","href":"https:\/\/api.w.org\/{rel}","templated":true}]}}