{"id":9253,"date":"2022-06-14T12:57:31","date_gmt":"2022-06-14T10:57:31","guid":{"rendered":"https:\/\/apartmajigolte.si\/?page_id=9253"},"modified":"2025-10-16T11:17:08","modified_gmt":"2025-10-16T09:17:08","slug":"skijaske-staze","status":"publish","type":"page","link":"https:\/\/apartmajigolte.si\/hr\/skijaske-staze\/","title":{"rendered":"Skija\u0161ke staze"},"content":{"rendered":"<div data-elementor-type=\"wp-page\" data-elementor-id=\"9253\" class=\"elementor elementor-9253 elementor-5740\"> \t\t\t\t\t\t<section class=\"th-parallax elementor-section elementor-top-section elementor-element elementor-element-2230d58c elementor-section-height-min-height elementor-section-boxed elementor-section-height-default elementor-section-items-middle\" data-parallax=\"scroll\" data-image-src=\"https:\/\/apartmajigolte.si\/wp-content\/uploads\/2025\/10\/smucisce-golte-1.jpg\" data-id=\"2230d58c\" data-element_type=\"section\" data-e-type=\"section\" data-settings=\"{&quot;background_background&quot;:&quot;classic&quot;}\"> \t\t\t\t\t\t\t<div class=\"elementor-background-overlay\"><\/div> \t\t\t\t\t\t\t<div class=\"elementor-container elementor-column-gap-default\"> \t\t\t\t\t<div class=\"elementor-column elementor-col-100 elementor-top-column elementor-element elementor-element-4a8aa24c\" data-id=\"4a8aa24c\" data-element_type=\"column\" data-e-type=\"column\"> \t\t\t<div class=\"elementor-widget-wrap elementor-element-populated\"> \t\t\t\t\t\t<div class=\"elementor-element elementor-element-3b590ed elementor-view-default elementor-position-top elementor-widget elementor-widget-themo-header\" data-id=\"3b590ed\" data-element_type=\"widget\" data-e-type=\"widget\" data-widget_type=\"themo-header.default\"> \t\t\t\t<div class=\"elementor-widget-container\"> \t\t\t\t\t\t\t<div class=\"th-header-wrap\">         <div class=\"elementor-icon-box-wrapper\">                             <div class=\"elementor-icon-box-content\">                     <h1 class=\"elementor-icon-box-title\">                         Skija\u0161ke staze                    <\/h1>                                             <span class=\"th-header-divider\"><\/span>                                         <p class=\"elementor-icon-box-description\"><\/p>                                      <\/div>             <\/div>          <\/div>  \t\t\t\t\t\t<\/div> \t\t\t\t<\/div> \t\t\t\t\t<\/div> \t\t<\/div> \t\t\t\t\t<\/div> \t\t<\/section> \t\t\t\t<section class=\"elementor-section elementor-top-section elementor-element elementor-element-da8d828 elementor-section-boxed elementor-section-height-default elementor-section-height-default\" data-id=\"da8d828\" data-element_type=\"section\" data-e-type=\"section\"> \t\t\t\t\t\t<div class=\"elementor-container elementor-column-gap-default\"> \t\t\t\t\t<div class=\"elementor-column elementor-col-100 elementor-top-column elementor-element elementor-element-7e76d8f\" data-id=\"7e76d8f\" data-element_type=\"column\" data-e-type=\"column\"> \t\t\t<div class=\"elementor-widget-wrap elementor-element-populated\"> \t\t\t\t\t\t<div class=\"elementor-element elementor-element-53203ca elementor-widget elementor-widget-text-editor\" data-id=\"53203ca\" data-element_type=\"widget\" data-e-type=\"widget\" data-widget_type=\"text-editor.default\"> \t\t\t\t<div class=\"elementor-widget-container\"> \t\t\t\t\t\t\t\t\t<p>Vrhunski ure\u0111ene skija\u0161ke staze svih stupnjeva zahtjevnosti pozivaju na vrhunsko skijanje. Posjetite nas!<\/p>\t\t\t\t\t\t\t\t<\/div> \t\t\t\t<\/div> \t\t\t\t\t<\/div> \t\t<\/div> \t\t\t\t\t<\/div> \t\t<\/section> \t\t\t\t<section class=\"elementor-section elementor-top-section elementor-element elementor-element-720fc5d6 elementor-section-full_width elementor-section-height-default elementor-section-height-default\" data-id=\"720fc5d6\" data-element_type=\"section\" data-e-type=\"section\" data-settings=\"{&quot;background_background&quot;:&quot;classic&quot;}\"> \t\t\t\t\t\t<div class=\"elementor-container elementor-column-gap-default\"> \t\t\t\t\t<div class=\"elementor-column elementor-col-100 elementor-top-column elementor-element elementor-element-03a6f94\" data-id=\"03a6f94\" data-element_type=\"column\" data-e-type=\"column\"> \t\t\t<div class=\"elementor-widget-wrap elementor-element-populated\"> \t\t\t\t\t\t<div class=\"elementor-element elementor-element-d59834a elementor-hidden-mobile elementor-widget elementor-widget-image\" data-id=\"d59834a\" data-element_type=\"widget\" data-e-type=\"widget\" data-widget_type=\"image.default\"> \t\t\t\t<div class=\"elementor-widget-container\"> \t\t\t\t\t\t\t\t\t\t\t\t\t\t\t<img fetchpriority=\"high\" decoding=\"async\" width=\"2200\" height=\"1146\" src=\"https:\/\/apartmajigolte.si\/wp-content\/uploads\/2022\/06\/smucarske-proge-golte.jpg\" class=\"attachment-full size-full wp-image-8499\" alt=\"\" srcset=\"https:\/\/apartmajigolte.si\/wp-content\/uploads\/2022\/06\/smucarske-proge-golte.jpg 2200w, https:\/\/apartmajigolte.si\/wp-content\/uploads\/2022\/06\/smucarske-proge-golte-300x156.jpg 300w, https:\/\/apartmajigolte.si\/wp-content\/uploads\/2022\/06\/smucarske-proge-golte-1024x533.jpg 1024w, https:\/\/apartmajigolte.si\/wp-content\/uploads\/2022\/06\/smucarske-proge-golte-768x400.jpg 768w, https:\/\/apartmajigolte.si\/wp-content\/uploads\/2022\/06\/smucarske-proge-golte-1536x800.jpg 1536w, https:\/\/apartmajigolte.si\/wp-content\/uploads\/2022\/06\/smucarske-proge-golte-2048x1067.jpg 2048w, https:\/\/apartmajigolte.si\/wp-content\/uploads\/2022\/06\/smucarske-proge-golte-81x42.jpg 81w, https:\/\/apartmajigolte.si\/wp-content\/uploads\/2022\/06\/smucarske-proge-golte-154x80.jpg 154w, https:\/\/apartmajigolte.si\/wp-content\/uploads\/2022\/06\/smucarske-proge-golte-394x205.jpg 394w, https:\/\/apartmajigolte.si\/wp-content\/uploads\/2022\/06\/smucarske-proge-golte-915x477.jpg 915w, https:\/\/apartmajigolte.si\/wp-content\/uploads\/2022\/06\/smucarske-proge-golte-1240x646.jpg 1240w, https:\/\/apartmajigolte.si\/wp-content\/uploads\/2022\/06\/smucarske-proge-golte-1920x1000.jpg 1920w\" sizes=\"(max-width: 2200px) 100vw, 2200px\" \/>\t\t\t\t\t\t\t\t\t\t\t\t\t\t\t<\/div> \t\t\t\t<\/div> \t\t\t\t<div class=\"elementor-element elementor-element-859d1e1 elementor-hidden-desktop elementor-hidden-tablet elementor-widget elementor-widget-image\" data-id=\"859d1e1\" data-element_type=\"widget\" data-e-type=\"widget\" data-widget_type=\"image.default\"> \t\t\t\t<div class=\"elementor-widget-container\"> \t\t\t\t\t\t\t\t\t\t\t\t\t\t\t\t<a href=\"https:\/\/apartmajigolte.si\/wp-content\/uploads\/2022\/06\/smucarske-proge-golte.jpg\" data-elementor-open-lightbox=\"no\"> \t\t\t\t\t\t\t<img fetchpriority=\"high\" decoding=\"async\" width=\"2200\" height=\"1146\" src=\"https:\/\/apartmajigolte.si\/wp-content\/uploads\/2022\/06\/smucarske-proge-golte.jpg\" class=\"attachment-full size-full wp-image-8499\" alt=\"\" srcset=\"https:\/\/apartmajigolte.si\/wp-content\/uploads\/2022\/06\/smucarske-proge-golte.jpg 2200w, https:\/\/apartmajigolte.si\/wp-content\/uploads\/2022\/06\/smucarske-proge-golte-300x156.jpg 300w, https:\/\/apartmajigolte.si\/wp-content\/uploads\/2022\/06\/smucarske-proge-golte-1024x533.jpg 1024w, https:\/\/apartmajigolte.si\/wp-content\/uploads\/2022\/06\/smucarske-proge-golte-768x400.jpg 768w, https:\/\/apartmajigolte.si\/wp-content\/uploads\/2022\/06\/smucarske-proge-golte-1536x800.jpg 1536w, https:\/\/apartmajigolte.si\/wp-content\/uploads\/2022\/06\/smucarske-proge-golte-2048x1067.jpg 2048w, https:\/\/apartmajigolte.si\/wp-content\/uploads\/2022\/06\/smucarske-proge-golte-81x42.jpg 81w, https:\/\/apartmajigolte.si\/wp-content\/uploads\/2022\/06\/smucarske-proge-golte-154x80.jpg 154w, https:\/\/apartmajigolte.si\/wp-content\/uploads\/2022\/06\/smucarske-proge-golte-394x205.jpg 394w, https:\/\/apartmajigolte.si\/wp-content\/uploads\/2022\/06\/smucarske-proge-golte-915x477.jpg 915w, https:\/\/apartmajigolte.si\/wp-content\/uploads\/2022\/06\/smucarske-proge-golte-1240x646.jpg 1240w, https:\/\/apartmajigolte.si\/wp-content\/uploads\/2022\/06\/smucarske-proge-golte-1920x1000.jpg 1920w\" sizes=\"(max-width: 2200px) 100vw, 2200px\" \/>\t\t\t\t\t\t\t\t<\/a> \t\t\t\t\t\t\t\t\t\t\t\t\t\t\t<\/div> \t\t\t\t<\/div> \t\t\t\t\t<\/div> \t\t<\/div> \t\t\t\t\t<\/div> \t\t<\/section> \t\t\t\t<\/div>","protected":false},"excerpt":{"rendered":"<p>Skija\u0161ke staze Vrhunski ure\u0111ene skija\u0161ke staze svih stupnjeva zahtjevnosti pozivaju na vrhunsko skijanje. Posjetite nas!<\/p>\n","protected":false},"author":1,"featured_media":0,"parent":0,"menu_order":11,"comment_status":"closed","ping_status":"closed","template":"","meta":{"footnotes":""},"class_list":["post-9253","page","type-page","status-publish","hentry"],"yoast_head":"<!-- This site is optimized with the Yoast SEO plugin v27.4 - https:\/\/yoast.com\/product\/yoast-seo-wordpress\/ -->\n<title>Skija\u0161ke staze - ApartmajiGolte.si<\/title>\n<meta name=\"robots\" content=\"index, follow, max-snippet:-1, max-image-preview:large, max-video-preview:-1\" \/>\n<link rel=\"canonical\" href=\"https:\/\/apartmajigolte.si\/smucisce-golte\/\" \/>\n<meta property=\"og:locale\" content=\"hr_HR\" \/>\n<meta property=\"og:type\" content=\"article\" \/>\n<meta property=\"og:title\" content=\"Skija\u0161ke staze - ApartmajiGolte.si\" \/>\n<meta property=\"og:description\" content=\"Skija\u0161ke staze Vrhunski ure\u0111ene skija\u0161ke staze svih stupnjeva zahtjevnosti pozivaju na vrhunsko skijanje. Posjetite nas!\" \/>\n<meta property=\"og:url\" content=\"https:\/\/apartmajigolte.si\/smucisce-golte\/\" \/>\n<meta property=\"og:site_name\" content=\"ApartmajiGolte.si\" \/>\n<meta property=\"article:modified_time\" content=\"2025-10-16T09:17:08+00:00\" \/>\n<meta property=\"og:image\" content=\"https:\/\/apartmajigolte.si\/wp-content\/uploads\/2022\/06\/smucarske-proge-golte.jpg\" \/>\n\t<meta property=\"og:image:width\" content=\"2200\" \/>\n\t<meta property=\"og:image:height\" content=\"1146\" \/>\n\t<meta property=\"og:image:type\" content=\"image\/jpeg\" \/>\n<meta name=\"twitter:card\" content=\"summary_large_image\" \/>\n<meta name=\"twitter:label1\" content=\"Procijenjeno vrijeme \u010ditanja\" \/>\n\t<meta name=\"twitter:data1\" content=\"1 minuta\" \/>\n<script type=\"application\/ld+json\" class=\"yoast-schema-graph\">{\"@context\":\"https:\\\/\\\/schema.org\",\"@graph\":[{\"@type\":\"WebPage\",\"@id\":\"https:\\\/\\\/apartmajigolte.si\\\/smucisce-golte\\\/\",\"url\":\"https:\\\/\\\/apartmajigolte.si\\\/smucisce-golte\\\/\",\"name\":\"Skija\u0161ke staze - ApartmajiGolte.si\",\"isPartOf\":{\"@id\":\"https:\\\/\\\/apartmajigolte.si\\\/#website\"},\"primaryImageOfPage\":{\"@id\":\"https:\\\/\\\/apartmajigolte.si\\\/smucisce-golte\\\/#primaryimage\"},\"image\":{\"@id\":\"https:\\\/\\\/apartmajigolte.si\\\/smucisce-golte\\\/#primaryimage\"},\"thumbnailUrl\":\"https:\\\/\\\/apartmajigolte.si\\\/wp-content\\\/uploads\\\/2022\\\/06\\\/smucarske-proge-golte.jpg\",\"datePublished\":\"2022-06-14T10:57:31+00:00\",\"dateModified\":\"2025-10-16T09:17:08+00:00\",\"breadcrumb\":{\"@id\":\"https:\\\/\\\/apartmajigolte.si\\\/smucisce-golte\\\/#breadcrumb\"},\"inLanguage\":\"hr\",\"potentialAction\":[{\"@type\":\"ReadAction\",\"target\":[\"https:\\\/\\\/apartmajigolte.si\\\/smucisce-golte\\\/\"]}]},{\"@type\":\"ImageObject\",\"inLanguage\":\"hr\",\"@id\":\"https:\\\/\\\/apartmajigolte.si\\\/smucisce-golte\\\/#primaryimage\",\"url\":\"https:\\\/\\\/apartmajigolte.si\\\/wp-content\\\/uploads\\\/2022\\\/06\\\/smucarske-proge-golte.jpg\",\"contentUrl\":\"https:\\\/\\\/apartmajigolte.si\\\/wp-content\\\/uploads\\\/2022\\\/06\\\/smucarske-proge-golte.jpg\"},{\"@type\":\"BreadcrumbList\",\"@id\":\"https:\\\/\\\/apartmajigolte.si\\\/smucisce-golte\\\/#breadcrumb\",\"itemListElement\":[{\"@type\":\"ListItem\",\"position\":1,\"name\":\"Home\",\"item\":\"https:\\\/\\\/apartmajigolte.si\\\/\"},{\"@type\":\"ListItem\",\"position\":2,\"name\":\"Skija\u0161ke staze\"}]},{\"@type\":\"WebSite\",\"@id\":\"https:\\\/\\\/apartmajigolte.si\\\/#website\",\"url\":\"https:\\\/\\\/apartmajigolte.si\\\/\",\"name\":\"ApartmajiGolte.si\",\"description\":\"Prenova\",\"potentialAction\":[{\"@type\":\"SearchAction\",\"target\":{\"@type\":\"EntryPoint\",\"urlTemplate\":\"https:\\\/\\\/apartmajigolte.si\\\/?s={search_term_string}\"},\"query-input\":{\"@type\":\"PropertyValueSpecification\",\"valueRequired\":true,\"valueName\":\"search_term_string\"}}],\"inLanguage\":\"hr\"}]}<\/script>\n<!-- \/ Yoast SEO plugin. -->","yoast_head_json":{"title":"Skija\u0161ke staze - ApartmajiGolte.si","robots":{"index":"index","follow":"follow","max-snippet":"max-snippet:-1","max-image-preview":"max-image-preview:large","max-video-preview":"max-video-preview:-1"},"canonical":"https:\/\/apartmajigolte.si\/smucisce-golte\/","og_locale":"hr_HR","og_type":"article","og_title":"Skija\u0161ke staze - ApartmajiGolte.si","og_description":"Skija\u0161ke staze Vrhunski ure\u0111ene skija\u0161ke staze svih stupnjeva zahtjevnosti pozivaju na vrhunsko skijanje. Posjetite nas!","og_url":"https:\/\/apartmajigolte.si\/smucisce-golte\/","og_site_name":"ApartmajiGolte.si","article_modified_time":"2025-10-16T09:17:08+00:00","og_image":[{"width":2200,"height":1146,"url":"https:\/\/apartmajigolte.si\/wp-content\/uploads\/2022\/06\/smucarske-proge-golte.jpg","type":"image\/jpeg"}],"twitter_card":"summary_large_image","twitter_misc":{"Procijenjeno vrijeme \u010ditanja":"1 minuta"},"schema":{"@context":"https:\/\/schema.org","@graph":[{"@type":"WebPage","@id":"https:\/\/apartmajigolte.si\/smucisce-golte\/","url":"https:\/\/apartmajigolte.si\/smucisce-golte\/","name":"Skija\u0161ke staze - ApartmajiGolte.si","isPartOf":{"@id":"https:\/\/apartmajigolte.si\/#website"},"primaryImageOfPage":{"@id":"https:\/\/apartmajigolte.si\/smucisce-golte\/#primaryimage"},"image":{"@id":"https:\/\/apartmajigolte.si\/smucisce-golte\/#primaryimage"},"thumbnailUrl":"https:\/\/apartmajigolte.si\/wp-content\/uploads\/2022\/06\/smucarske-proge-golte.jpg","datePublished":"2022-06-14T10:57:31+00:00","dateModified":"2025-10-16T09:17:08+00:00","breadcrumb":{"@id":"https:\/\/apartmajigolte.si\/smucisce-golte\/#breadcrumb"},"inLanguage":"hr","potentialAction":[{"@type":"ReadAction","target":["https:\/\/apartmajigolte.si\/smucisce-golte\/"]}]},{"@type":"ImageObject","inLanguage":"hr","@id":"https:\/\/apartmajigolte.si\/smucisce-golte\/#primaryimage","url":"https:\/\/apartmajigolte.si\/wp-content\/uploads\/2022\/06\/smucarske-proge-golte.jpg","contentUrl":"https:\/\/apartmajigolte.si\/wp-content\/uploads\/2022\/06\/smucarske-proge-golte.jpg"},{"@type":"BreadcrumbList","@id":"https:\/\/apartmajigolte.si\/smucisce-golte\/#breadcrumb","itemListElement":[{"@type":"ListItem","position":1,"name":"Home","item":"https:\/\/apartmajigolte.si\/"},{"@type":"ListItem","position":2,"name":"Skija\u0161ke staze"}]},{"@type":"WebSite","@id":"https:\/\/apartmajigolte.si\/#website","url":"https:\/\/apartmajigolte.si\/","name":"ApartmajiGolte.si","description":"Prenova","potentialAction":[{"@type":"SearchAction","target":{"@type":"EntryPoint","urlTemplate":"https:\/\/apartmajigolte.si\/?s={search_term_string}"},"query-input":{"@type":"PropertyValueSpecification","valueRequired":true,"valueName":"search_term_string"}}],"inLanguage":"hr"}]}},"_links":{"self":[{"href":"https:\/\/apartmajigolte.si\/hr\/wp-json\/wp\/v2\/pages\/9253","targetHints":{"allow":["GET"]}}],"collection":[{"href":"https:\/\/apartmajigolte.si\/hr\/wp-json\/wp\/v2\/pages"}],"about":[{"href":"https:\/\/apartmajigolte.si\/hr\/wp-json\/wp\/v2\/types\/page"}],"author":[{"embeddable":true,"href":"https:\/\/apartmajigolte.si\/hr\/wp-json\/wp\/v2\/users\/1"}],"replies":[{"embeddable":true,"href":"https:\/\/apartmajigolte.si\/hr\/wp-json\/wp\/v2\/comments?post=9253"}],"version-history":[{"count":38,"href":"https:\/\/apartmajigolte.si\/hr\/wp-json\/wp\/v2\/pages\/9253\/revisions"}],"predecessor-version":[{"id":20130,"href":"https:\/\/apartmajigolte.si\/hr\/wp-json\/wp\/v2\/pages\/9253\/revisions\/20130"}],"wp:attachment":[{"href":"https:\/\/apartmajigolte.si\/hr\/wp-json\/wp\/v2\/media?parent=9253"}],"curies":[{"name":"wp","href":"https:\/\/api.w.org\/{rel}","templated":true}]}}